{"id":89,"date":"2022-05-28T12:41:02","date_gmt":"2022-05-28T11:41:02","guid":{"rendered":"https:\/\/balatongepkolcsonzo.hu\/?page_id=89"},"modified":"2023-07-14T16:39:41","modified_gmt":"2023-07-14T15:39:41","slug":"arlista-2022-05-01-tol","status":"publish","type":"page","link":"https:\/\/balatongepkolcsonzo.hu\/?page_id=89","title":{"rendered":"\u00c1rlista 2023.07.01-t\u0151l"},"content":{"rendered":"\n<p><em><strong>Kisz\u00e1ll\u00edt\u00e1s 2000 Ft-t\u00f3l<\/strong><\/em><\/p>\n\n\n\n<div class=\"wp-block-columns is-layout-flex wp-container-core-columns-is-layout-9d6595d7 wp-block-columns-is-layout-flex\">\n<div class=\"wp-block-column is-layout-flow wp-block-column-is-layout-flow\">\n<div class=\"wp-block-columns is-layout-flex wp-container-core-columns-is-layout-9d6595d7 wp-block-columns-is-layout-flex\">\n<div class=\"wp-block-column is-layout-flow wp-block-column-is-layout-flow\">\n<div class=\"wp-block-columns is-layout-flex wp-container-core-columns-is-layout-9d6595d7 wp-block-columns-is-layout-flex\">\n<div class=\"wp-block-column is-layout-flow wp-block-column-is-layout-flow\">\n<div class=\"wp-block-columns is-layout-flex wp-container-core-columns-is-layout-9d6595d7 wp-block-columns-is-layout-flex\">\n<div class=\"wp-block-column is-layout-flow wp-block-column-is-layout-flow\"><\/div>\n<\/div>\n<\/div>\n<\/div>\n<\/div>\n<\/div>\n<\/div>\n<\/div>\n\n\n\n<p><\/p>\n\n\n\n<figure class=\"wp-block-table\"><table><tbody><tr><td><strong>Kateg\u00f3ria<\/strong><\/td><td><strong>Modell<\/strong><\/td><td><strong>Kauci\u00f3<\/strong><\/td><td><strong>B\u00e9rleti d\u00edj\/nap<\/strong><\/td><td><strong>Tartoz\u00e9kok d\u00edja<\/strong><\/td><\/tr><tr><td><\/td><td><\/td><td><\/td><td><\/td><td><\/td><\/tr><tr><td><strong>\u00c9p\u00edt\u0151ipari g\u00e9pek<\/strong><\/td><td><\/td><td><\/td><td><\/td><td><\/td><\/tr><tr><td>Betonkever\u0151 200 liter<\/td><td>Hecht 2221<\/td><td>40000Ft<\/td><td>6000Ft<\/td><td><\/td><\/tr><tr><td>Bont\u00f3kalap\u00e1cs \/ v\u00e9s\u0151g\u00e9p 40J<\/td><td>Toolson<\/td><td>30000Ft<\/td><td>7000Ft<\/td><td>2500Ft\/sz\u00e1r<\/td><\/tr><tr><td>Csempev\u00e1g\u00f3 900mm<\/td><td>Bautool<\/td><td>15000Ft<\/td><td>4000Ft<\/td><td><\/td><\/tr><tr><td>Falcsiszol\u00f3 zsir\u00e1f<\/td><td>Stanley Fatmax 750w<\/td><td>30000Ft<\/td><td>6000Ft<\/td><td>800Ft\/csiszol\u00f3 lap<\/td><\/tr><tr><td>Falhoronyv\u00e1g\u00f3<\/td><td>Hikoki CM5MA<\/td><td>50000Ft<\/td><td>6000Ft<\/td><td>t\u00e1rcsa kop\u00e1s 3500Ft\/mm<\/td><\/tr><tr><td>Ipari porsz\u00edv\u00f3<\/td><td>Metabo ASR25LSC<\/td><td>30000FT<\/td><td>6000Ft<\/td><td>porzs\u00e1k 1500Ft\/db<\/td><\/tr><tr><td>kever\u0151g\u00e9p fest\u00e9khez, habarcshoz<\/td><td>Einhell TCMX1200E<\/td><td>15000Ft<\/td><td>4000Ft<\/td><td><\/td><\/tr><tr><td>K\u0151roppant\u00f3<\/td><td>Scheppach HSC140<\/td><td>20000Ft<\/td><td>4000Ft<\/td><td><\/td><\/tr><tr><td>Lapvibr\u00e1tor 90kg<\/td><td>Herkules RP1800<\/td><td>50000Ft<\/td><td>6000Ft<\/td><td>gumilap 2500ft<\/td><\/tr><tr><td>Lapvibr\u00e1tor 62kg<\/td><td>Zipper<\/td><td>50000Ft<\/td><td>6000Ft<\/td><td>gumilap 2500Ft<\/td><\/tr><tr><td>Polisztirolv\u00e1g\u00f3 (\u00e1llv\u00e1nyos)<\/td><td><\/td><td>40000Ft<\/td><td>6000Ft<\/td><td><\/td><\/tr><tr><td>Sarokcsiszol\u00f3 (125 mm)<\/td><td>Hikoki G13SN2<\/td><td>10000Ft<\/td><td>4000FT<\/td><td>+t\u00e1rcsa kop\u00e1sa<\/td><\/tr><tr><td>Sarokcsiszol\u00f3 (230 mm)<\/td><td>HIkoki G23SWU2<\/td><td>15000FT<\/td><td>4000Ft<\/td><td>+t\u00e1rcsa kop\u00e1sa<\/td><\/tr><tr><td>\u00dctvef\u00far\u00f3 (norm\u00e1l tokm\u00e1ny)<\/td><td>Makita<\/td><td>10000Ft<\/td><td>4000Ft<\/td><td>f\u00far\u00f3sz\u00e1r \u00e1tm\u00e9r\u0151 X 40Ft \/db<\/td><\/tr><tr><td>\u00dctvef\u00far\u00f3-v\u00e9s\u0151kalap\u00e1cs 2,4 j<\/td><td>Makita HR2470RX40<\/td><td>15000Ft<\/td><td>5000Ft<\/td><td>f\u00far\u00f3sz\u00e1r \u00e1tm\u00e9r\u0151 X 60Ft \/db<br>v\u00e9s\u0151sz\u00e1r 1500Ft \/db<\/td><\/tr><tr><td>D\u00f6ng\u00f6l\u0151b\u00e9ka<\/td><td>Weber SRV 620<\/td><td>80000Ft<\/td><td>10000Ft<\/td><td><\/td><\/tr><tr><td>360\u00b0 vonall\u00e9zer<\/td><td>Bosch Universal Level 360 Set \u00e1llv\u00e1nnyal <\/td><td>20000Ft<\/td><td>4000Ft<\/td><td><\/td><\/tr><tr><td>Raklap emel\u0151 b\u00e9ka<\/td><td>Hyundai 2T<\/td><td>30000Ft<\/td><td>4000Ft<\/td><td><\/td><\/tr><tr><td>Betonvibr\u00e1tor \/ T\u0171vibr\u00e1tor<\/td><td>Yato yt82601 2300W, 4m-es t\u00f6ml\u0151<\/td><td>40000Ft<\/td><td>6000Ft<\/td><td><\/td><\/tr><tr><td><\/td><td><\/td><td><\/td><td><\/td><td><\/td><\/tr><tr><td><strong>Faipari g\u00e9pek<\/strong><\/td><td><\/td><td><\/td><td><\/td><td><\/td><\/tr><tr><td>G\u00e9rv\u00e1g\u00f3<\/td><td>Metabo KGS305<\/td><td>100000Ft<\/td><td>10000Ft<\/td><td><\/td><\/tr><tr><td>G\u00e9rv\u00e1g\u00f3 \u00c1llv\u00e1ny<\/td><td>Metabo KSU251<\/td><td>20000Ft<\/td><td>2000Ft<\/td><td><\/td><\/tr><tr><td>K\u00f6rf\u0171r\u00e9sz (k\u00e9zi) 185mm<\/td><td>HikokiC7ST<\/td><td>15000Ft<\/td><td>5000Ft<\/td><td><\/td><\/tr><tr><td>Sz\u00far\u00f3f\u0171r\u00e9sz<\/td><td>Hikoki CJ90VST2<\/td><td>15000Ft<\/td><td>5000Ft<\/td><td><\/td><\/tr><tr><td>Akkus f\u00far\u00f3 csavaroz\u00f3 kofferben<\/td><td>Makita 18V<\/td><td>45000Ft<\/td><td>5000Ft<\/td><td><\/td><\/tr><tr><td><\/td><td><\/td><td><\/td><td><\/td><td><\/td><\/tr><tr><td><strong>Kerti g\u00e9pek, eszk\u00f6z\u00f6k<\/strong><\/td><td><\/td><td><\/td><td><\/td><td><\/td><\/tr><tr><td>Benzines F\u0171ny\u00edr\u00f3 46 cm<\/td><td>MTD<\/td><td>20000Ft<\/td><td>6000Ft<\/td><td>+\u00fczemanyag<\/td><\/tr><tr><td>Elektromos l\u00e1ncf\u0171r\u00e9sz<\/td><td>Makita<\/td><td>20000Ft<\/td><td>8000Ft<\/td><td>+l\u00e1ncken\u0151 olaj<\/td><\/tr><tr><td>Rot\u00e1ci\u00f3s kapa \/ kultiv\u00e1tor<\/td><td>Hecht 750<\/td><td>50000Ft<\/td><td>6000Ft<\/td><td>+\u00fczemanyag<\/td><\/tr><tr><td>F\u0171kasza<\/td><td>Oleo mac Sparta 441T<\/td><td>40000Ft<\/td><td>9000ft<\/td><td>+\u00fczemanyag<\/td><\/tr><tr><td>gyepszell\u0151ztet\u0151 \/ talajlaz\u00edt\u00f3<\/td><td>AL-KO<\/td><td>20000Ft<\/td><td>5000Ft<\/td><td><\/td><\/tr><tr><td>F\u0171henger (50cm)<\/td><td><\/td><td>10000Ft<\/td><td>3000Ft<\/td><td><\/td><\/tr><tr><td>Talicska (80liter)<\/td><td><\/td><td>10000Ft<\/td><td>2500Ft<\/td><td><\/td><\/tr><tr><td>Talajf\u00far\u00f3 10-15-20 cm \u00e1tm\u00e9r\u0151<\/td><td>Scheppach<\/td><td>50000Ft<\/td><td>10000Ft<\/td><td>+\u00fczemanyag<\/td><\/tr><tr><td><\/td><td><\/td><td><\/td><td><\/td><td><\/td><\/tr><tr><td><strong>Tiszt\u00edt\u00e1s, takar\u00edt\u00e1s<\/strong><\/td><td><\/td><td><\/td><td><\/td><td><\/td><\/tr><tr><td>K\u00e1rpittiszt\u00edt\u00f3<\/td><td>Karcher SE4001<\/td><td>30000Ft<\/td><td>6000Ft<\/td><td><\/td><\/tr><tr><td>Ipari porsz\u00edv\u00f3<\/td><td>Metabo ASR25LSC<\/td><td>30000Ft<\/td><td>7000Ft<\/td><td>+porzs\u00e1k 1500Ft \/ db<\/td><\/tr><tr><td>Magasnyom\u00e1s\u00fa mos\u00f3 (150 bar)<\/td><td>Ryobi Rpw150XRB<\/td><td>20000Ft<\/td><td>6000Ft<\/td><td><\/td><\/tr><tr><td><\/td><td><\/td><td><\/td><td><\/td><td><\/td><\/tr><tr><td><strong>Egyebek<\/strong><\/td><td><\/td><td><\/td><td><\/td><td><\/td><\/tr><tr><td>G\u00e1zos h\u0151l\u00e9gbef\u00fav\u00f3<\/td><td>Einhell 17 KW<\/td><td>20000Ft<\/td><td>4000Ft<\/td><td><\/td><\/tr><tr><td>K\u00e1beldob 25 m\u00e9ter<\/td><td>3 dugalj, ip44<\/td><td>10000Ft<\/td><td>2500Ft<\/td><td><\/td><\/tr><tr><td>Hosszabb\u00edt\u00f3 25 m\u00e9ter<\/td><td><\/td><td>5000Ft<\/td><td>1500Ft<\/td><td><\/td><\/tr><tr><td>L\u00e9tra 3&#215;11 fokos<\/td><td><\/td><td>20000Ft<\/td><td>4000Ft<\/td><td><\/td><\/tr><\/tbody><\/table><\/figure>\n","protected":false},"excerpt":{"rendered":"<p>Kisz\u00e1ll\u00edt\u00e1s 2000 Ft-t\u00f3l Kateg\u00f3ria Modell Kauci\u00f3 B\u00e9rleti d\u00edj\/nap Tartoz\u00e9kok d\u00edja \u00c9p\u00edt\u0151ipari g\u00e9pek Betonkever\u0151 200 liter Hecht 2221 40000Ft 6000Ft Bont\u00f3kalap\u00e1cs \/ v\u00e9s\u0151g\u00e9p 40J Toolson 30000Ft 7000Ft 2500Ft\/sz\u00e1r Csempev\u00e1g\u00f3 900mm Bautool 15000Ft 4000Ft Falcsiszol\u00f3 zsir\u00e1f Stanley Fatmax 750w 30000Ft 6000Ft 800Ft\/csiszol\u00f3 lap Falhoronyv\u00e1g\u00f3 Hikoki CM5MA 50000Ft 6000Ft t\u00e1rcsa kop\u00e1s 3500Ft\/mm Ipari porsz\u00edv\u00f3 Metabo ASR25LSC 30000FT 6000Ft [&hellip;]<\/p>\n","protected":false},"author":1,"featured_media":0,"parent":0,"menu_order":0,"comment_status":"closed","ping_status":"closed","template":"","meta":{"_et_pb_use_builder":"off","_et_pb_old_content":"","_et_gb_content_width":"","footnotes":""},"class_list":["post-89","page","type-page","status-publish","hentry"],"_links":{"self":[{"href":"https:\/\/balatongepkolcsonzo.hu\/index.php?rest_route=\/wp\/v2\/pages\/89","targetHints":{"allow":["GET"]}}],"collection":[{"href":"https:\/\/balatongepkolcsonzo.hu\/index.php?rest_route=\/wp\/v2\/pages"}],"about":[{"href":"https:\/\/balatongepkolcsonzo.hu\/index.php?rest_route=\/wp\/v2\/types\/page"}],"author":[{"embeddable":true,"href":"https:\/\/balatongepkolcsonzo.hu\/index.php?rest_route=\/wp\/v2\/users\/1"}],"replies":[{"embeddable":true,"href":"https:\/\/balatongepkolcsonzo.hu\/index.php?rest_route=%2Fwp%2Fv2%2Fcomments&post=89"}],"version-history":[{"count":5,"href":"https:\/\/balatongepkolcsonzo.hu\/index.php?rest_route=\/wp\/v2\/pages\/89\/revisions"}],"predecessor-version":[{"id":142,"href":"https:\/\/balatongepkolcsonzo.hu\/index.php?rest_route=\/wp\/v2\/pages\/89\/revisions\/142"}],"wp:attachment":[{"href":"https:\/\/balatongepkolcsonzo.hu\/index.php?rest_route=%2Fwp%2Fv2%2Fmedia&parent=89"}],"curies":[{"name":"wp","href":"https:\/\/api.w.org\/{rel}","templated":true}]}}