{"id":6,"date":"2022-05-20T08:33:30","date_gmt":"2022-05-20T07:33:30","guid":{"rendered":"http:\/\/balatongepkolcsonzo.hu\/?page_id=6"},"modified":"2022-05-29T18:56:36","modified_gmt":"2022-05-29T17:56:36","slug":"6-2","status":"publish","type":"page","link":"https:\/\/balatongepkolcsonzo.hu\/","title":{"rendered":""},"content":{"rendered":"<p>[et_pb_section fb_built=&#8221;1&#8243; fullwidth=&#8221;on&#8221; admin_label=&#8221;Hero Section&#8221; _builder_version=&#8221;4.16&#8243; _module_preset=&#8221;default&#8221; global_colors_info=&#8221;{}&#8221;][et_pb_fullwidth_header title=&#8221;ToolBox Balaton g\u00e9pk\u00f6lcs\u00f6nz\u0151&#8221; subhead=&#8221;Balatonakarattya &#8211; +36705448749&#8243; text_orientation=&#8221;center&#8221; header_fullscreen=&#8221;on&#8221; background_overlay_color=&#8221;rgba(0,0,0,0.5)&#8221; title_font_color=&#8221;#ffffff&#8221; subhead_font_color=&#8221;#ffffff&#8221; _builder_version=&#8221;4.17.3&#8243; _module_preset=&#8221;default&#8221; title_font=&#8221;Nunito||||||||&#8221; title_text_color=&#8221;#ffffff&#8221; title_font_size=&#8221;80px&#8221; content_font=&#8221;||||||||&#8221; subhead_font=&#8221;Open Sans||||||||&#8221; subhead_text_color=&#8221;#ffffff&#8221; subhead_font_size=&#8221;24px&#8221; subhead_line_height=&#8221;1.6em&#8221; background_color=&#8221;rgba(255, 255, 255, 0)&#8221; background_image=&#8221;https:\/\/balatongepkolcsonzo.hu\/wp-content\/uploads\/2022\/05\/toolboxgepkolcsonzo.png&#8221; custom_button_one=&#8221;on&#8221; button_one_text_size=&#8221;14px&#8221; button_one_text_color=&#8221;#ffffff&#8221; button_one_bg_color=&#8221;#0099e5&#8243; button_one_border_width=&#8221;12px&#8221; button_one_border_color=&#8221;#0099e5&#8243; button_one_border_radius=&#8221;0px&#8221; button_one_letter_spacing=&#8221;2px&#8221; button_one_font=&#8221;Nunito|700||on|||||&#8221; button_one_use_icon=&#8221;off&#8221; background_layout=&#8221;light&#8221; animation_style=&#8221;fade&#8221; title_font_size_tablet=&#8221;&#8221; title_font_size_phone=&#8221;48px&#8221; title_font_size_last_edited=&#8221;on|phone&#8221; subhead_font_size_tablet=&#8221;&#8221; subhead_font_size_phone=&#8221;&#8221; subhead_font_size_last_edited=&#8221;on|phone&#8221; button_one_text_color_hover=&#8221;#ffffff&#8221; button_one_border_color_hover=&#8221;#0099e5&#8243; button_one_border_radius_hover=&#8221;0px&#8221; button_one_letter_spacing_hover=&#8221;2px&#8221; button_one_bg_color_hover=&#8221;#0099e5&#8243; global_colors_info=&#8221;{}&#8221; button_one_text_size__hover_enabled=&#8221;off&#8221; button_two_text_size__hover_enabled=&#8221;off&#8221; button_one_text_color__hover_enabled=&#8221;on&#8221; button_one_text_color__hover=&#8221;#ffffff&#8221; button_two_text_color__hover_enabled=&#8221;off&#8221; button_one_border_width__hover_enabled=&#8221;off&#8221; button_two_border_width__hover_enabled=&#8221;off&#8221; button_one_border_color__hover_enabled=&#8221;on&#8221; button_one_border_color__hover=&#8221;#0099e5&#8243; button_two_border_color__hover_enabled=&#8221;off&#8221; button_one_border_radius__hover_enabled=&#8221;on&#8221; button_one_border_radius__hover=&#8221;0px&#8221; button_two_border_radius__hover_enabled=&#8221;off&#8221; button_one_letter_spacing__hover_enabled=&#8221;on&#8221; button_one_letter_spacing__hover=&#8221;2px&#8221; button_two_letter_spacing__hover_enabled=&#8221;off&#8221; button_one_bg_color__hover_enabled=&#8221;on&#8221; button_one_bg_color__hover=&#8221;#0099e5&#8243; button_two_bg_color__hover_enabled=&#8221;off&#8221;][\/et_pb_fullwidth_header][\/et_pb_section][et_pb_section fb_built=&#8221;1&#8243; admin_label=&#8221;Category Search Section&#8221; _builder_version=&#8221;4.16&#8243; _module_preset=&#8221;default&#8221; custom_padding=&#8221;110px||110px|&#8221; global_colors_info=&#8221;{}&#8221;][et_pb_row admin_label=&#8221;Category Search Title Area&#8221; _builder_version=&#8221;4.16&#8243; _module_preset=&#8221;default&#8221; locked=&#8221;off&#8221; global_colors_info=&#8221;{}&#8221;][et_pb_column type=&#8221;4_4&#8243; _builder_version=&#8221;4.16&#8243; _module_preset=&#8221;default&#8221; custom_padding=&#8221;|||&#8221; global_colors_info=&#8221;{}&#8221; custom_padding__hover=&#8221;|||&#8221;][et_pb_text admin_label=&#8221;Title&#8221; _builder_version=&#8221;4.17.3&#8243; _module_preset=&#8221;default&#8221; text_font=&#8221;||||||||&#8221; header_font=&#8221;||||||||&#8221; header_2_font=&#8221;Nunito||||||||&#8221; header_2_text_align=&#8221;center&#8221; header_2_text_color=&#8221;#263954&#8243; header_2_font_size=&#8221;36px&#8221; header_2_line_height=&#8221;1.4em&#8221; custom_margin=&#8221;||5px|&#8221; animation_style=&#8221;fold&#8221; animation_direction=&#8221;bottom&#8221; animation_intensity_fold=&#8221;20%&#8221; animation_starting_opacity=&#8221;100%&#8221; global_colors_info=&#8221;{}&#8221;]<\/p>\n<h2>K\u00f6lcs\u00f6n\u00f6zhet\u0151 g\u00e9peink<\/h2>\n<p style=\"text-align: center;\"><span style=\"font-size: medium;\"><strong>Teljes lista fent, az \u00e1rlista oldalon \u00e9rhet\u0151 el.<\/strong><\/span><\/p>\n<p>[\/et_pb_text][et_pb_divider color=&#8221;#0099e5&#8243; divider_position=&#8221;center&#8221; divider_weight=&#8221;2px&#8221; _builder_version=&#8221;4.16&#8243; _module_preset=&#8221;default&#8221; max_width=&#8221;50px&#8221; module_alignment=&#8221;center&#8221; global_colors_info=&#8221;{}&#8221;][\/et_pb_divider][\/et_pb_column][\/et_pb_row][et_pb_row column_structure=&#8221;1_3,1_3,1_3&#8243; admin_label=&#8221;Categories&#8221; _builder_version=&#8221;4.16&#8243; _module_preset=&#8221;default&#8221; custom_padding=&#8221;20px|||&#8221; custom_width_px=&#8221;1440px&#8221; global_colors_info=&#8221;{}&#8221;][et_pb_column type=&#8221;1_3&#8243; _builder_version=&#8221;4.16&#8243; _module_preset=&#8221;default&#8221; custom_padding=&#8221;|||&#8221; global_colors_info=&#8221;{}&#8221; custom_padding__hover=&#8221;|||&#8221;][et_pb_blurb title=&#8221;Polisztirolv\u00e1g\u00f3&#8221; image=&#8221;https:\/\/balatongepkolcsonzo.hu\/wp-content\/uploads\/2022\/05\/10210056-1_600x600-1.jpg&#8221; alt=&#8221;Csempev\u00e1g\u00f3&#8221; _builder_version=&#8221;4.17.3&#8243; _module_preset=&#8221;default&#8221; header_level=&#8221;h3&#8243; header_font=&#8221;Nunito||||||||&#8221; header_text_color=&#8221;#263954&#8243; header_font_size=&#8221;24px&#8221; header_line_height=&#8221;1.3em&#8221; body_font=&#8221;||||||||&#8221; body_font_size=&#8221;15px&#8221; body_line_height=&#8221;1.8em&#8221; animation=&#8221;off&#8221; global_colors_info=&#8221;{}&#8221;]<\/p>\n<p>Szigetel\u00e9si munk\u00e1kn\u00e1l n\u00e9lk\u00fcl\u00f6zhetetlen a hungarocell lapok v\u00e1g\u00e1s\u00e1hoz! Gyors, prec\u00edz munka, millim\u00e9ter pontos illeszt\u00e9sek \u00e9s sokkal kevesebb hullad\u00e9k a v\u00e9geredm\u00e9ny!<\/p>\n<p>[\/et_pb_blurb][\/et_pb_column][et_pb_column type=&#8221;1_3&#8243; _builder_version=&#8221;4.16&#8243; _module_preset=&#8221;default&#8221; custom_padding=&#8221;|||&#8221; global_colors_info=&#8221;{}&#8221; custom_padding__hover=&#8221;|||&#8221;][et_pb_blurb title=&#8221;V\u00e9s\u0151g\u00e9p \/ Bont\u00f3kalap\u00e1cs&#8221; image=&#8221;https:\/\/balatongepkolcsonzo.hu\/wp-content\/uploads\/2022\/05\/20646165_a_1.jpg&#8221; alt=&#8221;V\u00e9s\u0151g\u00e9p&#8221; _builder_version=&#8221;4.17.3&#8243; _module_preset=&#8221;default&#8221; header_level=&#8221;h3&#8243; header_font=&#8221;Nunito||||||||&#8221; header_text_color=&#8221;#263954&#8243; header_font_size=&#8221;24px&#8221; header_line_height=&#8221;1.3em&#8221; body_font=&#8221;||||||||&#8221; body_font_size=&#8221;15px&#8221; body_line_height=&#8221;1.8em&#8221; animation=&#8221;off&#8221; locked=&#8221;off&#8221; global_colors_info=&#8221;{}&#8221;]<\/p>\n<p>43 Joule \u00fct\u0151er\u0151, 30 mm-es SDS-HEX v\u00e9s\u0151sz\u00e1rak, ha bontani kell&#8230;<\/p>\n<p>[\/et_pb_blurb][\/et_pb_column][et_pb_column type=&#8221;1_3&#8243; _builder_version=&#8221;4.16&#8243; _module_preset=&#8221;default&#8221; custom_padding=&#8221;|||&#8221; global_colors_info=&#8221;{}&#8221; custom_padding__hover=&#8221;|||&#8221;][et_pb_blurb title=&#8221;Talajf\u00far\u00f3&#8221; image=&#8221;https:\/\/balatongepkolcsonzo.hu\/wp-content\/uploads\/2022\/05\/eb1700.2.jpg&#8221; alt=&#8221;Talajf\u00far\u00f3&#8221; _builder_version=&#8221;4.17.3&#8243; _module_preset=&#8221;default&#8221; header_level=&#8221;h3&#8243; header_font=&#8221;Nunito||||||||&#8221; header_text_color=&#8221;#263954&#8243; header_font_size=&#8221;24px&#8221; header_line_height=&#8221;1.3em&#8221; body_font=&#8221;||||||||&#8221; body_font_size=&#8221;15px&#8221; body_line_height=&#8221;1.8em&#8221; custom_padding=&#8221;||1px|||&#8221; animation=&#8221;off&#8221; locked=&#8221;off&#8221; global_colors_info=&#8221;{}&#8221;]<\/p>\n<p>\u00c1s\u00e1s helyett f\u00f6ldf\u00far\u00f3. 2 \u00fctem\u0171 benzinmotor, 80cm hossz\u00fa sz\u00e1rak 10,15 \u00e9s 20 cm \u00e1tm\u00e9r\u0151vel. K\u00f6nny\u0171 kezelhet\u0151s\u00e9g, gyors halad\u00e1s a munk\u00e1val!<\/p>\n<p>&nbsp;<\/p>\n<p>[\/et_pb_blurb][\/et_pb_column][\/et_pb_row][et_pb_row column_structure=&#8221;1_3,1_3,1_3&#8243; admin_label=&#8221;Categories&#8221; _builder_version=&#8221;4.16&#8243; _module_preset=&#8221;default&#8221; custom_padding=&#8221;20px|||&#8221; custom_width_px=&#8221;1440px&#8221; global_colors_info=&#8221;{}&#8221;][et_pb_column type=&#8221;1_3&#8243; _builder_version=&#8221;4.16&#8243; _module_preset=&#8221;default&#8221; custom_padding=&#8221;|||&#8221; global_colors_info=&#8221;{}&#8221; custom_padding__hover=&#8221;|||&#8221;][et_pb_blurb title=&#8221;K\u0151v\u00e1g\u00f3&#8221; image=&#8221;https:\/\/balatongepkolcsonzo.hu\/wp-content\/uploads\/2022\/05\/5908504810.jpg&#8221; alt=&#8221;K\u0151v\u00e1g\u00f3&#8221; _builder_version=&#8221;4.17.4&#8243; _module_preset=&#8221;default&#8221; header_level=&#8221;h3&#8243; header_font=&#8221;Nunito||||||||&#8221; header_text_color=&#8221;#263954&#8243; header_font_size=&#8221;24px&#8221; header_line_height=&#8221;1.3em&#8221; body_font=&#8221;||||||||&#8221; body_font_size=&#8221;15px&#8221; body_line_height=&#8221;1.8em&#8221; animation=&#8221;off&#8221; global_colors_info=&#8221;{}&#8221;]<\/p>\n<p>T\u00e9rk\u00f6vez\u00e9s n\u00e9lk\u00fcl\u00f6zhetetlen eszk\u00f6ze a k\u0151roppant\u00f3, gyorsabb \u00e9s tiszt\u00e1bb mint sarokcsiszol\u00f3val v\u00e1gni a t\u00e9rk\u00f6vet.<\/p>\n<p>[\/et_pb_blurb][\/et_pb_column][et_pb_column type=&#8221;1_3&#8243; _builder_version=&#8221;4.16&#8243; _module_preset=&#8221;default&#8221; custom_padding=&#8221;|||&#8221; global_colors_info=&#8221;{}&#8221; custom_padding__hover=&#8221;|||&#8221;][et_pb_blurb title=&#8221;Sarokcsiszol\u00f3&#8221; image=&#8221;https:\/\/balatongepkolcsonzo.hu\/wp-content\/uploads\/2022\/05\/G23BYE.jpg&#8221; alt=&#8221;Sarokcsiszol\u00f3&#8221; _builder_version=&#8221;4.17.3&#8243; _module_preset=&#8221;default&#8221; header_level=&#8221;h3&#8243; header_font=&#8221;Nunito||||||||&#8221; header_text_color=&#8221;#263954&#8243; header_font_size=&#8221;24px&#8221; header_line_height=&#8221;1.3em&#8221; body_font=&#8221;||||||||&#8221; body_font_size=&#8221;15px&#8221; body_line_height=&#8221;1.8em&#8221; animation=&#8221;off&#8221; locked=&#8221;off&#8221; global_colors_info=&#8221;{}&#8221;]<\/p>\n<p>Kis \u00e9s nagy flex egyar\u00e1nt b\u00e9relhet\u0151 f\u00e9mv\u00e1g\u00f3 koronggal vagy gy\u00e9m\u00e1nt t\u00e1rcs\u00e1val t\u00e9gl\u00e1hoz, betonhoz. L\u00e1gyind\u00edt\u00e1s, biztons\u00e1gos markolat \u00e9s v\u00e9d\u0151burkolat.<\/p>\n<p>[\/et_pb_blurb][\/et_pb_column][et_pb_column type=&#8221;1_3&#8243; _builder_version=&#8221;4.16&#8243; _module_preset=&#8221;default&#8221; custom_padding=&#8221;|||&#8221; global_colors_info=&#8221;{}&#8221; custom_padding__hover=&#8221;|||&#8221;][et_pb_blurb title=&#8221;Betonkever\u0151&#8221; image=&#8221;https:\/\/balatongepkolcsonzo.hu\/wp-content\/uploads\/2022\/05\/betonkevero.jpg&#8221; alt=&#8221;Betonkever\u0151&#8221; _builder_version=&#8221;4.17.4&#8243; _module_preset=&#8221;default&#8221; header_level=&#8221;h3&#8243; header_font=&#8221;Nunito||||||||&#8221; header_text_color=&#8221;#263954&#8243; header_font_size=&#8221;24px&#8221; header_line_height=&#8221;1.3em&#8221; body_font=&#8221;||||||||&#8221; body_font_size=&#8221;15px&#8221; body_line_height=&#8221;1.8em&#8221; animation=&#8221;off&#8221; locked=&#8221;off&#8221; global_colors_info=&#8221;{}&#8221;]<\/p>\n<p>180 \u00e9s 200 Literes betonkever\u0151. K\u00f6nnyen kezelhet\u0151, nagy kerekek a k\u00f6nny\u0171 mozgat\u00e1shoz. Kisz\u00e1ll\u00edt\u00e1sban seg\u00edt\u00fcnk, ha nincs mivel elvinni!<\/p>\n<p>&nbsp;<\/p>\n<p>[\/et_pb_blurb][\/et_pb_column][\/et_pb_row][\/et_pb_section][et_pb_section fb_built=&#8221;1&#8243; _builder_version=&#8221;4.17.4&#8243; _module_preset=&#8221;default&#8221; min_height=&#8221;681.2px&#8221; custom_margin=&#8221;-103px|||||&#8221; global_colors_info=&#8221;{}&#8221;][et_pb_row column_structure=&#8221;1_3,1_3,1_3&#8243; _builder_version=&#8221;4.17.4&#8243; _module_preset=&#8221;default&#8221; min_height=&#8221;540.2px&#8221; custom_padding=&#8221;||0px|||&#8221; global_colors_info=&#8221;{}&#8221;][et_pb_column type=&#8221;1_3&#8243; _builder_version=&#8221;4.17.4&#8243; _module_preset=&#8221;default&#8221; global_colors_info=&#8221;{}&#8221;][et_pb_blurb _builder_version=&#8221;4.17.4&#8243; _module_preset=&#8221;default&#8221; min_height=&#8221;571.2px&#8221; global_colors_info=&#8221;{}&#8221;]<\/p>\n<h3><\/h3>\n<h3><img loading=\"lazy\" decoding=\"async\" src=\"https:\/\/balatongepkolcsonzo.hu\/wp-content\/uploads\/2022\/05\/66707109_a_1-300x300.jpg\" alt=\"\" class=\"wp-image-37 alignnone size-medium\" width=\"300\" height=\"300\" \/>G\u00e9rv\u00e1g\u00f3<\/h3>\n<p>Nagyteljes\u00edtm\u00e9ny\u0171 motor, 305 mm-es t\u00e1rcsa, \u00e1llv\u00e1nnyal. Max. v\u00e1g\u00e1sm\u00e9lys\u00e9g 90 fok: 105 mm; Max v\u00e1g\u00e1sm\u00e9lys\u00e9g 45 fok: 67 mm<\/p>\n<p>&nbsp;<\/p>\n<p>[\/et_pb_blurb][\/et_pb_column][et_pb_column type=&#8221;1_3&#8243; _builder_version=&#8221;4.17.4&#8243; _module_preset=&#8221;default&#8221; global_colors_info=&#8221;{}&#8221;][et_pb_blurb _builder_version=&#8221;4.17.4&#8243; _module_preset=&#8221;default&#8221; header_font=&#8221;Nunito||||||||&#8221; custom_margin=&#8221;||-1px||false|false&#8221; border_style_all=&#8221;none&#8221; global_colors_info=&#8221;{}&#8221;]<\/p>\n<h3><img loading=\"lazy\" decoding=\"async\" src=\"https:\/\/balatongepkolcsonzo.hu\/wp-content\/uploads\/2022\/05\/27423138_a_11-300x300.jpg\" alt=\"\" class=\"wp-image-40 alignnone size-medium\" width=\"300\" height=\"300\" \/>Lapvibr\u00e1tor<\/h3>\n<p>Talajt\u00f6m\u00f6r\u00edt\u00e9sre, jav\u00edt\u00e1si munk\u00e1kra, \u00fat-, kert- \u00e9s t\u00e1j\u00e9p\u00edt\u00e9si feladatok elv\u00e9gz\u00e9s\u00e9re. 2300 kg t\u00f6m\u00f6r\u00edt\u00e9si nyom\u00e1s, 4 \u00fctem\u0171 benzin motor. Gumilappal is b\u00e9relhet\u0151.<\/p>\n<p>&nbsp;<\/p>\n<p>[\/et_pb_blurb][\/et_pb_column][et_pb_column type=&#8221;1_3&#8243; _builder_version=&#8221;4.17.4&#8243; _module_preset=&#8221;default&#8221; global_colors_info=&#8221;{}&#8221;][et_pb_blurb _builder_version=&#8221;4.17.4&#8243; _module_preset=&#8221;default&#8221; global_colors_info=&#8221;{}&#8221;]<\/p>\n<h3><img loading=\"lazy\" decoding=\"async\" src=\"https:\/\/balatongepkolcsonzo.hu\/wp-content\/uploads\/2022\/05\/SFMEE500S-300x300.jpg\" alt=\"\" class=\"wp-image-30 alignnone size-medium\" width=\"300\" height=\"300\" \/>Falcsiszol\u00f3 zsir\u00e1f <\/h3>\n<p>Fest\u00e9s el\u0151k\u00e9sz\u00edt\u00e9sn\u00e9l a k\u00e9zi csiszol\u00e1sn\u00e1l gyorsabb \u00e9s k\u00e9nyelmesebb megold\u00e1st ny\u00fajt. 750 Watt teljes\u00edtm\u00e9ny\u0171 motor, flexibilis, 225 mm \u00e1tm\u00e9r\u0151j\u0171 csiszol\u00f3fej, LED-es vil\u00e1g\u00edt\u00e1s, 125-180 cm k\u00f6z\u00f6tt \u00e1ll\u00edthat\u00f3 hossz\u00fas\u00e1g, k\u00f6nny\u0171 kezelhet\u0151s\u00e9g.<\/p>\n<p>[\/et_pb_blurb][\/et_pb_column][\/et_pb_row][\/et_pb_section][et_pb_section fb_built=&#8221;1&#8243; _builder_version=&#8221;4.17.4&#8243; _module_preset=&#8221;default&#8221; min_height=&#8221;506.7px&#8221; global_colors_info=&#8221;{}&#8221;][et_pb_row column_structure=&#8221;1_3,1_3,1_3&#8243; _builder_version=&#8221;4.17.4&#8243; _module_preset=&#8221;default&#8221; global_colors_info=&#8221;{}&#8221;][et_pb_column type=&#8221;1_3&#8243; _builder_version=&#8221;4.17.4&#8243; _module_preset=&#8221;default&#8221; global_colors_info=&#8221;{}&#8221;][et_pb_blurb _builder_version=&#8221;4.17.4&#8243; _module_preset=&#8221;default&#8221; header_font=&#8221;Nunito||||||||&#8221; global_colors_info=&#8221;{}&#8221;]<\/p>\n<h3><img loading=\"lazy\" decoding=\"async\" src=\"https:\/\/balatongepkolcsonzo.hu\/wp-content\/uploads\/2022\/05\/falhoronymaro-300x153.jpg\" alt=\"\" class=\"wp-image-118 alignnone size-medium\" width=\"300\" height=\"153\" \/>Falhoronymar\u00f3<\/h3>\n<p>Ide\u00e1lis villamoss\u00e1gi szerel\u00e9sekn\u00e9l k\u00e1belek \u00e9s v\u00e9d\u0151cs\u00f6vek lefektet\u00e9s\u00e9hez vakolat alatt 40 mm-es mar\u00e1si m\u00e9lys\u00e9gig. Horony sz\u00e9less\u00e9ge \u00e9s a v\u00e1g\u00e1si m\u00e9lys\u00e9g \u00e1ll\u00edthat\u00f3.<\/p>\n<p>[\/et_pb_blurb][\/et_pb_column][et_pb_column type=&#8221;1_3&#8243; _builder_version=&#8221;4.17.4&#8243; _module_preset=&#8221;default&#8221; global_colors_info=&#8221;{}&#8221;][et_pb_blurb _builder_version=&#8221;4.17.4&#8243; _module_preset=&#8221;default&#8221; global_colors_info=&#8221;{}&#8221;]<\/p>\n<h3><img loading=\"lazy\" decoding=\"async\" src=\"https:\/\/balatongepkolcsonzo.hu\/wp-content\/uploads\/2022\/05\/240070890.metabo-asr-25-l-sc-602024000-184x300.jpg\" alt=\"\" class=\"wp-image-36 alignnone size-medium\" width=\"184\" height=\"300\" srcset=\"https:\/\/balatongepkolcsonzo.hu\/wp-content\/uploads\/2022\/05\/240070890.metabo-asr-25-l-sc-602024000-184x300.jpg 184w, https:\/\/balatongepkolcsonzo.hu\/wp-content\/uploads\/2022\/05\/240070890.metabo-asr-25-l-sc-602024000.jpg 367w\" sizes=\"auto, (max-width: 184px) 100vw, 184px\" \/><\/h3>\n<h3>Ipari porsz\u00edv\u00f3<\/h3>\n<p>N\u00e9lk\u00fcl\u00f6zhetetlen kieg\u00e9sz\u00edt\u0151je a falcsiszol\u00f3 zsir\u00e1fnak, falhoronymar\u00f3nak, de csatlakoztathat\u00f3 g\u00e9rv\u00e1g\u00f3hoz, k\u00f6rf\u0171r\u00e9szhez, gyalu g\u00e9phez is. Sz\u00e1raz-nedves, 25 l-es tart\u00e1ly, elektromos csatlakoz\u00f3 aljzat.<\/p>\n<p>&nbsp;<\/p>\n<p>[\/et_pb_blurb][\/et_pb_column][et_pb_column type=&#8221;1_3&#8243; _builder_version=&#8221;4.17.4&#8243; _module_preset=&#8221;default&#8221; global_colors_info=&#8221;{}&#8221;][et_pb_blurb _builder_version=&#8221;4.17.4&#8243; _module_preset=&#8221;default&#8221; global_colors_info=&#8221;{}&#8221;]<\/p>\n<h3><img loading=\"lazy\" decoding=\"async\" src=\"https:\/\/balatongepkolcsonzo.hu\/wp-content\/uploads\/2022\/05\/386355059.hecht-750-280x300.jpg\" alt=\"\" class=\"wp-image-34 alignnone size-medium\" width=\"280\" height=\"300\" \/>Rot\u00e1ci\u00f3s kapa <\/h3>\n<p>\u00c1gy\u00e1sok \u00e9s kertek m\u0171vel\u00e9s\u00e9hez, f\u00fcves\u00edt\u00e9s el\u0151k\u00e9sz\u00edt\u00e9s\u00e9hez. A kerekeknek \u00e9s az el\u0151re-h\u00e1tra fokozatnak k\u00f6sz\u00f6nhet\u0151en k\u00f6nnyen haszn\u00e1lhat\u00f3. 50 cm munkasz\u00e9less\u00e9g.<\/p>\n<p>[\/et_pb_blurb][\/et_pb_column][\/et_pb_row][\/et_pb_section][et_pb_section fb_built=&#8221;1&#8243; admin_label=&#8221;All Categories Section&#8221; _builder_version=&#8221;4.17.4&#8243; _module_preset=&#8221;default&#8221; custom_padding=&#8221;110px||110px|&#8221; global_colors_info=&#8221;{}&#8221;][et_pb_row admin_label=&#8221;Title Area&#8221; _builder_version=&#8221;4.16&#8243; _module_preset=&#8221;default&#8221; custom_padding=&#8221;26px|0px|27px|0px&#8221; locked=&#8221;off&#8221; global_colors_info=&#8221;{}&#8221;][et_pb_column type=&#8221;4_4&#8243; _builder_version=&#8221;4.16&#8243; _module_preset=&#8221;default&#8221; custom_padding=&#8221;|||&#8221; global_colors_info=&#8221;{}&#8221; custom_padding__hover=&#8221;|||&#8221;][et_pb_text admin_label=&#8221;Title&#8221; _builder_version=&#8221;4.17.3&#8243; _module_preset=&#8221;default&#8221; text_font=&#8221;||||||||&#8221; header_font=&#8221;||||||||&#8221; header_2_font=&#8221;Nunito||||||||&#8221; header_2_text_align=&#8221;center&#8221; header_2_text_color=&#8221;#263954&#8243; header_2_font_size=&#8221;36px&#8221; header_2_line_height=&#8221;1.4em&#8221; custom_margin=&#8221;||5px|&#8221; animation_style=&#8221;fold&#8221; animation_direction=&#8221;bottom&#8221; animation_intensity_fold=&#8221;20%&#8221; animation_starting_opacity=&#8221;100%&#8221; global_colors_info=&#8221;{}&#8221;]<\/p>\n<h2>Kateg\u00f3ri\u00e1k<\/h2>\n<p>[\/et_pb_text][et_pb_divider color=&#8221;#0099e5&#8243; divider_position=&#8221;center&#8221; divider_weight=&#8221;2px&#8221; _builder_version=&#8221;4.16&#8243; _module_preset=&#8221;default&#8221; max_width=&#8221;50px&#8221; module_alignment=&#8221;center&#8221; global_colors_info=&#8221;{}&#8221;][\/et_pb_divider][\/et_pb_column][\/et_pb_row][et_pb_row column_structure=&#8221;1_4,1_4,1_4,1_4&#8243; admin_label=&#8221;All Categories Area&#8221; _builder_version=&#8221;4.16&#8243; _module_preset=&#8221;default&#8221; custom_padding=&#8221;20px|||&#8221; global_colors_info=&#8221;{}&#8221;][et_pb_column type=&#8221;1_4&#8243; _builder_version=&#8221;4.16&#8243; _module_preset=&#8221;default&#8221; custom_padding=&#8221;|||&#8221; global_colors_info=&#8221;{}&#8221; custom_padding__hover=&#8221;|||&#8221;][et_pb_text ul_type=&#8221;none&#8221; admin_label=&#8221;Category List&#8221; _builder_version=&#8221;4.17.3&#8243; _module_preset=&#8221;default&#8221; text_font=&#8221;||||||||&#8221; ul_font=&#8221;||||||||&#8221; ul_text_color=&#8221;#707985&#8243; ul_line_height=&#8221;2em&#8221; animation_style=&#8221;fold&#8221; animation_direction=&#8221;right&#8221; animation_intensity_fold=&#8221;20%&#8221; animation_starting_opacity=&#8221;100%&#8221; global_colors_info=&#8221;{}&#8221;]<\/p>\n<ul>\n<li>Nature<\/li>\n<li>Jobs and Careers<\/li>\n<li>Pets and Animals<\/li>\n<li>Wildlife<\/li>\n<li>Business<\/li>\n<li>Finance<\/li>\n<li>Science and Technology<\/li>\n<\/ul>\n<p>[\/et_pb_text][\/et_pb_column][et_pb_column type=&#8221;1_4&#8243; _builder_version=&#8221;4.16&#8243; _module_preset=&#8221;default&#8221; custom_padding=&#8221;|||&#8221; global_colors_info=&#8221;{}&#8221; custom_padding__hover=&#8221;|||&#8221;][et_pb_text ul_type=&#8221;none&#8221; admin_label=&#8221;Category List&#8221; _builder_version=&#8221;4.16&#8243; _module_preset=&#8221;default&#8221; text_font=&#8221;||||||||&#8221; ul_font=&#8221;||||||||&#8221; ul_text_color=&#8221;#707985&#8243; ul_line_height=&#8221;2em&#8221; animation_style=&#8221;fold&#8221; animation_direction=&#8221;right&#8221; animation_intensity_fold=&#8221;20%&#8221; animation_starting_opacity=&#8221;100%&#8221; locked=&#8221;off&#8221; global_colors_info=&#8221;{}&#8221;]<\/p>\n<ul>\n<li>Food &#038; Drink<\/li>\n<li>Education<\/li>\n<li>Family<\/li>\n<li>Healthcare 7 Medicine<\/li>\n<li>Sesonal &#038; Holiday<\/li>\n<li>Objects<\/li>\n<li>Industrial<\/li>\n<p>[\/et_pb_text][\/et_pb_column][et_pb_column type=&#8221;1_4&#8243; _builder_version=&#8221;4.16&#8243; _module_preset=&#8221;default&#8221; custom_padding=&#8221;|||&#8221; global_colors_info=&#8221;{}&#8221; custom_padding__hover=&#8221;|||&#8221;][et_pb_text ul_type=&#8221;none&#8221; admin_label=&#8221;Category List&#8221; _builder_version=&#8221;4.16&#8243; _module_preset=&#8221;default&#8221; text_font=&#8221;||||||||&#8221; ul_font=&#8221;||||||||&#8221; ul_text_color=&#8221;#707985&#8243; ul_line_height=&#8221;2em&#8221; animation_style=&#8221;fold&#8221; animation_direction=&#8221;right&#8221; animation_intensity_fold=&#8221;20%&#8221; animation_starting_opacity=&#8221;100%&#8221; locked=&#8221;off&#8221; global_colors_info=&#8221;{}&#8221;]<\/p>\n<ul>\n<li>Fitness and Wellness<\/li>\n<li>Fashion and Beauty<\/li>\n<li>Sports<\/li>\n<li>Recreation<\/li>\n<li>Moods and Feelings<\/li>\n<li>Transportation<\/li>\n<li>Parks\/Outdor<\/li>\n<p>[\/et_pb_text][\/et_pb_column][et_pb_column type=&#8221;1_4&#8243; _builder_version=&#8221;4.16&#8243; _module_preset=&#8221;default&#8221; custom_padding=&#8221;|||&#8221; global_colors_info=&#8221;{}&#8221; custom_padding__hover=&#8221;|||&#8221;][et_pb_text ul_type=&#8221;none&#8221; admin_label=&#8221;Category List&#8221; _builder_version=&#8221;4.16&#8243; _module_preset=&#8221;default&#8221; text_font=&#8221;||||||||&#8221; ul_font=&#8221;||||||||&#8221; ul_text_color=&#8221;#707985&#8243; ul_line_height=&#8221;2em&#8221; animation_style=&#8221;fold&#8221; animation_direction=&#8221;right&#8221; animation_intensity_fold=&#8221;20%&#8221; animation_starting_opacity=&#8221;100%&#8221; locked=&#8221;off&#8221; global_colors_info=&#8221;{}&#8221;]<\/p>\n<ul>\n<li>Architecture<\/li>\n<li>Vintage<\/li>\n<li>Urban<\/li>\n<li>Wedding<\/li>\n<li>Travel Destinations<\/li>\n<li>Codffee<\/li>\n<li>Vector and Illustration<\/li>\n<p>[\/et_pb_text][\/et_pb_column][\/et_pb_row][\/et_pb_section][et_pb_section fb_built=&#8221;1&#8243; fullwidth=&#8221;on&#8221; _builder_version=&#8221;4.17.3&#8243; _module_preset=&#8221;default&#8221; global_colors_info=&#8221;{}&#8221;][et_pb_fullwidth_map google_api_key=&#8221;AIzaSyB6bGAxLPMYH80-0AX7jFDZmoJ8AlaX5tU&#8221; address=&#8221;Balatonkenese, Szent Istv\u00e1n u. 60, 8172 Hungary&#8221; address_lat=&#8221;47.0248098&#8243; address_lng=&#8221;18.1448419&#8243; _builder_version=&#8221;4.17.4&#8243; _module_preset=&#8221;default&#8221; global_colors_info=&#8221;{}&#8221;][\/et_pb_fullwidth_map][\/et_pb_section]<\/p>\n","protected":false},"excerpt":{"rendered":"<p>Nagyteljes\u00edtm\u00e9ny\u0171 motor, 305 mm-es t\u00e1rcsa, \u00e1llv\u00e1nnyal. <\/p>\n","protected":false},"author":1,"featured_media":37,"parent":0,"menu_order":0,"comment_status":"closed","ping_status":"closed","template":"","meta":{"_et_pb_use_builder":"on","_et_pb_old_content":"","_et_gb_content_width":"","footnotes":""},"class_list":["post-6","page","type-page","status-publish","has-post-thumbnail","hentry"],"_links":{"self":[{"href":"https:\/\/balatongepkolcsonzo.hu\/index.php?rest_route=\/wp\/v2\/pages\/6","targetHints":{"allow":["GET"]}}],"collection":[{"href":"https:\/\/balatongepkolcsonzo.hu\/index.php?rest_route=\/wp\/v2\/pages"}],"about":[{"href":"https:\/\/balatongepkolcsonzo.hu\/index.php?rest_route=\/wp\/v2\/types\/page"}],"author":[{"embeddable":true,"href":"https:\/\/balatongepkolcsonzo.hu\/index.php?rest_route=\/wp\/v2\/users\/1"}],"replies":[{"embeddable":true,"href":"https:\/\/balatongepkolcsonzo.hu\/index.php?rest_route=%2Fwp%2Fv2%2Fcomments&post=6"}],"version-history":[{"count":24,"href":"https:\/\/balatongepkolcsonzo.hu\/index.php?rest_route=\/wp\/v2\/pages\/6\/revisions"}],"predecessor-version":[{"id":123,"href":"https:\/\/balatongepkolcsonzo.hu\/index.php?rest_route=\/wp\/v2\/pages\/6\/revisions\/123"}],"wp:featuredmedia":[{"embeddable":true,"href":"https:\/\/balatongepkolcsonzo.hu\/index.php?rest_route=\/wp\/v2\/media\/37"}],"wp:attachment":[{"href":"https:\/\/balatongepkolcsonzo.hu\/index.php?rest_route=%2Fwp%2Fv2%2Fmedia&parent=6"}],"curies":[{"name":"wp","href":"https:\/\/api.w.org\/{rel}","templated":true}]}}